{"id":732,"date":"2017-06-02T03:55:48","date_gmt":"2017-06-02T03:55:48","guid":{"rendered":"http:\/\/demo.archiwp.com\/index-masonry-black\/?page_id=732"},"modified":"2024-11-06T08:44:27","modified_gmt":"2024-11-06T05:44:27","slug":"kurumsal","status":"publish","type":"page","link":"https:\/\/acimutfak.com.tr\/index.php\/kurumsal\/","title":{"rendered":"Kurumsal"},"content":{"rendered":"<p>[vc_row fullwidth=&#8221;yes&#8221; css=&#8221;.vc_custom_1474447060420{background-position: 0 0 !important;background-repeat: no-repeat !important;}&#8221; el_class=&#8221;side-bg no-padding&#8221;][vc_column]\t<!-- Element: OT Quick Office -->\n\t<div class=\"side-bg\">\n\n\t\t<div class=\"image-container hidden-xs pull-left col-md-5\" style=\"background-image:url(https:\/\/acimutfak.com.tr\/wp-content\/uploads\/2017\/06\/bg-side-1.jpg); ?>\" data-delay=\"0\"><\/div>\n\n\t\t<!-- Added this code in 26\/03\/2019 -->\n\t\t<img decoding=\"async\" class=\"visible-xs img-responsive lazyload\" data-src=\"https:\/\/acimutfak.com.tr\/wp-content\/uploads\/2017\/06\/bg-side-1.jpg\" src=\"data:image\/gif;base64,R0lGODlhAQABAAAAACH5BAEKAAEALAAAAAABAAEAAAICTAEAOw==\" style=\"--smush-placeholder-width: 800px; --smush-placeholder-aspect-ratio: 800\/800;\" \/><noscript><img decoding=\"async\" class=\"visible-xs img-responsive\" src=\"https:\/\/acimutfak.com.tr\/wp-content\/uploads\/2017\/06\/bg-side-1.jpg\" \/><\/noscript>\n\n        <div class=\"container\">\n            <div class=\"row\">\n                <div class=\"inner-padding\">\n                    <div class=\"col-md-6 col-md-offset-6 wow fadeInRight\" data-wow-delay=\".2s\">\n                        <h2>Misyonumuz<\/h2><br\/>\n                        Mimari ve dekorasyon \u00e7al\u0131\u015fmalar\u0131nda m\u00fckemmelli\u011fi yakalayabilmek ad\u0131na \u00e7al\u0131\u015fanlar\u0131m\u0131z\u0131n e\u011fitimlerine \u00f6nem veriyoruz. Yap\u0131 sekt\u00f6r\u00fcnde uygulama alanlar\u0131m\u0131zla ilgili geli\u015fimleri s\u00fcrekli takip ederek en g\u00fcncel, en modern y\u00f6ntemleri uyguluyoruz. \u0130\u015f disiplini ve i\u015f ahlak\u0131na sonuna kadar riayet ederek s\u00f6z verdi\u011fimiz hizmeti, s\u00f6z verdi\u011fimiz zamanda ve s\u00f6z verdi\u011fimiz kalitede ger\u00e7ekle\u015ftiriyoruz.                    <\/div>\n                    <div class=\"clearfix\"><\/div>\n                <\/div>\n            <\/div>\n        <\/div>\n\t<\/div>\n\n[\/vc_column][\/vc_row][vc_row css=&#8221;.vc_custom_1496375872225{padding-top: 90px !important;padding-bottom: 90px !important;background-image: url(https:\/\/acimutfak.com.tr\/wp-content\/uploads\/2017\/05\/bg-3.jpg?id=684) !important;background-position: center !important;background-repeat: no-repeat !important;background-size: cover !important;}&#8221; el_class=&#8221;bg-fixed&#8221;][vc_column animate=&#8221;fadeinup&#8221;][\/vc_column][vc_column][\/vc_column][\/vc_row][vc_row fullwidth=&#8221;yes&#8221; css=&#8221;.vc_custom_1442204650520{padding-top: 60px !important;padding-bottom: 60px !important;}&#8221; el_class=&#8221;call-to-action bg-color text-center&#8221;][vc_column]\t\t\t\n\t<!-- Element: OT Button --> \n\t\t\t<a href=\"#\" target=\"_self\" class=\"btn btn-line-black btn-big  \">Bizimle \u0130leti\u015fime Ge\u00e7in<\/a>\n\t    \n[\/vc_column][\/vc_row]<\/p>\n","protected":false},"excerpt":{"rendered":"<p>[vc_row fullwidth=&#8221;yes&#8221; css=&#8221;.vc_custom_1474447060420{background-position: 0 0 !important;background-repeat: no-repeat !important;}&#8221; el_class=&#8221;side-bg no-padding&#8221;][vc_column][\/vc_column][\/vc_row][vc_row css=&#8221;.vc_custom_1496375872225{padding-top: 90px !important;padding-bottom: 90px !important;background-image: url(https:\/\/acimutfak.com.tr\/wp-content\/uploads\/2017\/05\/bg-3.jpg?id=684) !important;background-position: center !important;background-repeat: no-repeat !important;background-size: cover !important;}&#8221; el_class=&#8221;bg-fixed&#8221;][vc_column animate=&#8221;fadeinup&#8221;][\/vc_column][vc_column][\/vc_column][\/vc_row][vc_row fullwidth=&#8221;yes&#8221; css=&#8221;.vc_custom_1442204650520{padding-top: 60px !important;padding-bottom: 60px !important;}&#8221; el_class=&#8221;call-to-action bg-color text-center&#8221;][vc_column][\/vc_column][\/vc_row]<\/p>\n","protected":false},"author":2,"featured_media":0,"parent":0,"menu_order":0,"comment_status":"closed","ping_status":"closed","template":"page-templates\/template-fullwidth.php","meta":{"footnotes":""},"class_list":["post-732","page","type-page","status-publish","hentry"],"_links":{"self":[{"href":"https:\/\/acimutfak.com.tr\/index.php\/wp-json\/wp\/v2\/pages\/732","targetHints":{"allow":["GET"]}}],"collection":[{"href":"https:\/\/acimutfak.com.tr\/index.php\/wp-json\/wp\/v2\/pages"}],"about":[{"href":"https:\/\/acimutfak.com.tr\/index.php\/wp-json\/wp\/v2\/types\/page"}],"author":[{"embeddable":true,"href":"https:\/\/acimutfak.com.tr\/index.php\/wp-json\/wp\/v2\/users\/2"}],"replies":[{"embeddable":true,"href":"https:\/\/acimutfak.com.tr\/index.php\/wp-json\/wp\/v2\/comments?post=732"}],"version-history":[{"count":10,"href":"https:\/\/acimutfak.com.tr\/index.php\/wp-json\/wp\/v2\/pages\/732\/revisions"}],"predecessor-version":[{"id":1122,"href":"https:\/\/acimutfak.com.tr\/index.php\/wp-json\/wp\/v2\/pages\/732\/revisions\/1122"}],"wp:attachment":[{"href":"https:\/\/acimutfak.com.tr\/index.php\/wp-json\/wp\/v2\/media?parent=732"}],"curies":[{"name":"wp","href":"https:\/\/api.w.org\/{rel}","templated":true}]}}