{"id":728,"date":"2017-06-02T03:51:47","date_gmt":"2017-06-02T03:51:47","guid":{"rendered":"http:\/\/demo.archiwp.com\/index-masonry-black\/?page_id=728"},"modified":"2024-11-15T22:22:18","modified_gmt":"2024-11-15T19:22:18","slug":"hizmetlerimiz","status":"publish","type":"page","link":"https:\/\/acimutfak.com.tr\/index.php\/hizmetlerimiz\/","title":{"rendered":"Hizmetlerimiz"},"content":{"rendered":"<p>[vc_row][vc_column]\t<!-- Element: OT Services List -->\n\t\n\t\t\n\t\t<section class=\"side-bg no-padding service-list\" id=\"section-service-1\">\n\n\t\t\t\n            <div class=\"image-container col-md-5 col-md-offset-7 pull-right right0 hidden-xs\" data-delay=\"0\">\n                <div class=\"background-image lazyload\" style=\"background-image:inherit;\" data-bg-image=\"url(&#039;https:\/\/acimutfak.com.tr\/wp-content\/uploads\/2021\/09\/d1.jpg&#039;)\"><\/div>\n            <\/div>\n\n            <!-- Added this code in 26\/03\/2019 -->\n            <div class=\"visible-xs mb-30\" data-delay=\"0\">\n            \t<img loading=\"lazy\" decoding=\"async\" width=\"800\" height=\"385\" data-src=\"https:\/\/acimutfak.com.tr\/wp-content\/uploads\/2021\/09\/d1.jpg\" class=\"img-responsive wp-post-image lazyload\" alt=\"\" data-srcset=\"https:\/\/acimutfak.com.tr\/wp-content\/uploads\/2021\/09\/d1.jpg 800w, https:\/\/acimutfak.com.tr\/wp-content\/uploads\/2021\/09\/d1-600x289.jpg 600w, https:\/\/acimutfak.com.tr\/wp-content\/uploads\/2021\/09\/d1-300x144.jpg 300w, https:\/\/acimutfak.com.tr\/wp-content\/uploads\/2021\/09\/d1-768x370.jpg 768w\" data-sizes=\"auto, (max-width: 800px) 100vw, 800px\" title=\"d1\" src=\"data:image\/gif;base64,R0lGODlhAQABAAAAACH5BAEKAAEALAAAAAABAAEAAAICTAEAOw==\" style=\"--smush-placeholder-width: 800px; --smush-placeholder-aspect-ratio: 800\/385;\" \/><noscript><img loading=\"lazy\" decoding=\"async\" width=\"800\" height=\"385\" src=\"https:\/\/acimutfak.com.tr\/wp-content\/uploads\/2021\/09\/d1.jpg\" class=\"img-responsive wp-post-image\" alt=\"\" srcset=\"https:\/\/acimutfak.com.tr\/wp-content\/uploads\/2021\/09\/d1.jpg 800w, https:\/\/acimutfak.com.tr\/wp-content\/uploads\/2021\/09\/d1-600x289.jpg 600w, https:\/\/acimutfak.com.tr\/wp-content\/uploads\/2021\/09\/d1-300x144.jpg 300w, https:\/\/acimutfak.com.tr\/wp-content\/uploads\/2021\/09\/d1-768x370.jpg 768w\" sizes=\"auto, (max-width: 800px) 100vw, 800px\" title=\"d1\" \/><\/noscript>            <\/div>\n\t\t\t\n            <div class=\"container\">\n                <div class=\"row\">\n                    <div class=\"inner-padding\">\n                        <div data-wow-delay=\".5s\" class=\"col-md-6 wow fadeInLeft\">\n                            <h3 class=\"id-color\">Mutfak Mobilyalar\u0131<\/h3>\n                            <div class=\"service-excerpt\"><p>[vc_row][vc_column width=&#8221;1\/4&#8243;][vc_wp_custommenu nav_menu=&#8221;60&#8243; el_id=&#8221;services-list&#8221;][\/vc_column][vc_column width=&#8221;3\/4&#8243;][vc_row_inner][vc_column_inner width=&#8221;1\/2&#8243;][vc_column_text] \u00d6zel tasar\u0131m mutfak mobilyalar\u0131 ile ya\u015fam alan\u0131n\u0131za estetik ve fonksiyonellik kat\u0131yoruz. Alan\u0131n\u0131za en uygun mutfak dolaplar\u0131, ada tezgahlar ve saklama \u00e7\u00f6z\u00fcmlerini, y\u00fcksek kaliteli malzemelerle ve detaylara \u00f6zen g\u00f6stererek \u00fcretiyoruz. [\/vc_column_text][\/vc_column_inner][vc_column_inner width=&#8221;1\/2&#8243;][vc_single_image image=&#8221;932&#8243; img_size=&#8221;500-300&#8243;][\/vc_column_inner][\/vc_row_inner][\/vc_column][\/vc_row][vc_row][vc_column][\/vc_column][\/vc_row]<\/p>\n<\/div>\n                            \t\t\t\t\t\t\t\t<div class=\"spacer-single\"><\/div>\n\t                            <a class=\"btn-line\" href=\"https:\/\/acimutfak.com.tr\/index.php\/service\/mutfak-mobilyalari\/\">Devam\u0131n\u0131 Oku...<\/a>\n\t\t\t\t\t\t\t                        <\/div>\n                        <div class=\"clearfix\"><\/div>\n                    <\/div>\n                <\/div>\n            <\/div>\n            \n        <\/section>            \n\t\n\t\n\t\t\n\t\t<section class=\"side-bg no-padding service-list\" id=\"section-service-2\">\n\n\t\t\t\t\t\t\n            <div class=\"image-container col-md-5 pull-left hidden-xs\" data-delay=\"0\">\n                <div class=\"background-image lazyload\" style=\"background-image:inherit;\" data-bg-image=\"url(&#039;https:\/\/acimutfak.com.tr\/wp-content\/uploads\/2015\/07\/p2_b.jpg&#039;)\"><\/div>\n            <\/div>\n\n            <!-- Added this code in 26\/03\/2019 -->\n            <div class=\"visible-xs mb-30\" data-delay=\"0\">\n            \t<img loading=\"lazy\" decoding=\"async\" width=\"1024\" height=\"587\" data-src=\"https:\/\/acimutfak.com.tr\/wp-content\/uploads\/2015\/07\/p2_b.jpg\" class=\"img-responsive wp-post-image lazyload\" alt=\"\" data-srcset=\"https:\/\/acimutfak.com.tr\/wp-content\/uploads\/2015\/07\/p2_b.jpg 1024w, https:\/\/acimutfak.com.tr\/wp-content\/uploads\/2015\/07\/p2_b-600x344.jpg 600w, https:\/\/acimutfak.com.tr\/wp-content\/uploads\/2015\/07\/p2_b-300x172.jpg 300w, https:\/\/acimutfak.com.tr\/wp-content\/uploads\/2015\/07\/p2_b-768x440.jpg 768w\" data-sizes=\"auto, (max-width: 1024px) 100vw, 1024px\" title=\"6b\" src=\"data:image\/gif;base64,R0lGODlhAQABAAAAACH5BAEKAAEALAAAAAABAAEAAAICTAEAOw==\" style=\"--smush-placeholder-width: 1024px; --smush-placeholder-aspect-ratio: 1024\/587;\" \/><noscript><img loading=\"lazy\" decoding=\"async\" width=\"1024\" height=\"587\" src=\"https:\/\/acimutfak.com.tr\/wp-content\/uploads\/2015\/07\/p2_b.jpg\" class=\"img-responsive wp-post-image\" alt=\"\" srcset=\"https:\/\/acimutfak.com.tr\/wp-content\/uploads\/2015\/07\/p2_b.jpg 1024w, https:\/\/acimutfak.com.tr\/wp-content\/uploads\/2015\/07\/p2_b-600x344.jpg 600w, https:\/\/acimutfak.com.tr\/wp-content\/uploads\/2015\/07\/p2_b-300x172.jpg 300w, https:\/\/acimutfak.com.tr\/wp-content\/uploads\/2015\/07\/p2_b-768x440.jpg 768w\" sizes=\"auto, (max-width: 1024px) 100vw, 1024px\" title=\"6b\" \/><\/noscript>            <\/div>\n\t\t\t\n            <div class=\"container\">\n                <div class=\"row\">\n                    <div class=\"inner-padding\">\n                        <div data-wow-delay=\".5s\" class=\"col-md-6 col-md-offset-6 wow fadeInRight\">\n                            <h3 class=\"id-color\">Banyo Mobilyalar\u0131<\/h3>\n                            <div class=\"service-excerpt\"><p>Dayan\u0131kl\u0131 ve \u015f\u0131k banyo dolaplar\u0131 tasarl\u0131yor ve \u00fcretiyoruz. Alan\u0131n\u0131za uyum sa\u011flayacak fonksiyonel ve estetik \u00e7\u00f6z\u00fcmler sunarak, banyonuza ferahl\u0131k kazand\u0131r\u0131yoruz. Birbirinden farkl\u0131 renk ve tasar\u0131m se\u00e7enekleriyle banyo dolaplar\u0131 ve aksesuarlarla ki\u015fisel ihtiya\u00e7lar\u0131n\u0131za uygun alanlar olu\u015fturuyoruz.<\/p>\n<\/div>\n                            \t\t\t\t\t\t\t\t<div class=\"spacer-single\"><\/div>\n\t                            <a class=\"btn-line\" href=\"https:\/\/acimutfak.com.tr\/index.php\/service\/banyo-mobilyalari\/\">Devam\u0131n\u0131 Oku...<\/a>\n\t\t\t\t\t\t\t                        <\/div>\n                        <div class=\"clearfix\"><\/div>\n                    <\/div>\n                <\/div>\n            <\/div>\n\n            \n        <\/section>            \n\t\n\t\n\t\t\n\t\t<section class=\"side-bg no-padding service-list\" id=\"section-service-3\">\n\n\t\t\t\n            <div class=\"image-container col-md-5 col-md-offset-7 pull-right right0 hidden-xs\" data-delay=\"0\">\n                <div class=\"background-image lazyload\" style=\"background-image:inherit;\" data-bg-image=\"url(&#039;https:\/\/acimutfak.com.tr\/wp-content\/uploads\/2021\/11\/WhatsApp-Image-2021-10-25-at-16.22.15-1.jpeg&#039;)\"><\/div>\n            <\/div>\n\n            <!-- Added this code in 26\/03\/2019 -->\n            <div class=\"visible-xs mb-30\" data-delay=\"0\">\n            \t<img loading=\"lazy\" decoding=\"async\" width=\"1600\" height=\"900\" data-src=\"https:\/\/acimutfak.com.tr\/wp-content\/uploads\/2021\/11\/WhatsApp-Image-2021-10-25-at-16.22.15-1.jpeg\" class=\"img-responsive wp-post-image lazyload\" alt=\"\" data-srcset=\"https:\/\/acimutfak.com.tr\/wp-content\/uploads\/2021\/11\/WhatsApp-Image-2021-10-25-at-16.22.15-1.jpeg 1600w, https:\/\/acimutfak.com.tr\/wp-content\/uploads\/2021\/11\/WhatsApp-Image-2021-10-25-at-16.22.15-1-600x338.jpeg 600w, https:\/\/acimutfak.com.tr\/wp-content\/uploads\/2021\/11\/WhatsApp-Image-2021-10-25-at-16.22.15-1-300x169.jpeg 300w, https:\/\/acimutfak.com.tr\/wp-content\/uploads\/2021\/11\/WhatsApp-Image-2021-10-25-at-16.22.15-1-1024x576.jpeg 1024w, https:\/\/acimutfak.com.tr\/wp-content\/uploads\/2021\/11\/WhatsApp-Image-2021-10-25-at-16.22.15-1-768x432.jpeg 768w, https:\/\/acimutfak.com.tr\/wp-content\/uploads\/2021\/11\/WhatsApp-Image-2021-10-25-at-16.22.15-1-1536x864.jpeg 1536w\" data-sizes=\"auto, (max-width: 1600px) 100vw, 1600px\" title=\"5b\" src=\"data:image\/gif;base64,R0lGODlhAQABAAAAACH5BAEKAAEALAAAAAABAAEAAAICTAEAOw==\" style=\"--smush-placeholder-width: 1600px; --smush-placeholder-aspect-ratio: 1600\/900;\" \/><noscript><img loading=\"lazy\" decoding=\"async\" width=\"1600\" height=\"900\" src=\"https:\/\/acimutfak.com.tr\/wp-content\/uploads\/2021\/11\/WhatsApp-Image-2021-10-25-at-16.22.15-1.jpeg\" class=\"img-responsive wp-post-image\" alt=\"\" srcset=\"https:\/\/acimutfak.com.tr\/wp-content\/uploads\/2021\/11\/WhatsApp-Image-2021-10-25-at-16.22.15-1.jpeg 1600w, https:\/\/acimutfak.com.tr\/wp-content\/uploads\/2021\/11\/WhatsApp-Image-2021-10-25-at-16.22.15-1-600x338.jpeg 600w, https:\/\/acimutfak.com.tr\/wp-content\/uploads\/2021\/11\/WhatsApp-Image-2021-10-25-at-16.22.15-1-300x169.jpeg 300w, https:\/\/acimutfak.com.tr\/wp-content\/uploads\/2021\/11\/WhatsApp-Image-2021-10-25-at-16.22.15-1-1024x576.jpeg 1024w, https:\/\/acimutfak.com.tr\/wp-content\/uploads\/2021\/11\/WhatsApp-Image-2021-10-25-at-16.22.15-1-768x432.jpeg 768w, https:\/\/acimutfak.com.tr\/wp-content\/uploads\/2021\/11\/WhatsApp-Image-2021-10-25-at-16.22.15-1-1536x864.jpeg 1536w\" sizes=\"auto, (max-width: 1600px) 100vw, 1600px\" title=\"5b\" \/><\/noscript>            <\/div>\n\t\t\t\n            <div class=\"container\">\n                <div class=\"row\">\n                    <div class=\"inner-padding\">\n                        <div data-wow-delay=\".5s\" class=\"col-md-6 wow fadeInLeft\">\n                            <h3 class=\"id-color\">Ya\u015fam Alanlar\u0131 Mobilyalar\u0131<\/h3>\n                            <div class=\"service-excerpt\"><p>[vc_row][vc_column width=&#8221;1\/3&#8243;][vc_wp_custommenu nav_menu=&#8221;60&#8243; el_id=&#8221;services-list&#8221;][\/vc_column][vc_column width=&#8221;1\/3&#8243;][vc_column_text] \u2022 Gard\u0131rop ve Depolama \u00c7\u00f6z\u00fcmleri Evinizin her k\u00f6\u015fesinde d\u00fczen sa\u011flayan \u00f6zel tasar\u0131m gard\u0131rop ve depolama \u00e7\u00f6z\u00fcmleri sunuyoruz. Ak\u0131ll\u0131 \u00e7\u00f6z\u00fcmler ile evinizde ya\u015fam\u0131n\u0131za daha fazla yer a\u00e7mak i\u00e7in, alan\u0131n\u0131z\u0131 en iyi \u015fekilde de\u011ferlendiren, tarz\u0131n\u0131za uygun dolap ve saklama sistemleri \u00fcretiyoruz. \u2022 Yatak Odas\u0131 Mobilyalar\u0131 Yatak odan\u0131za zarafet ve rahatl\u0131k katacak mobilyalar [&hellip;]<\/p>\n<\/div>\n                            \t\t\t\t\t\t\t\t<div class=\"spacer-single\"><\/div>\n\t                            <a class=\"btn-line\" href=\"https:\/\/acimutfak.com.tr\/index.php\/service\/yasam-alanlari-mobilyalari\/\">Devam\u0131n\u0131 Oku...<\/a>\n\t\t\t\t\t\t\t                        <\/div>\n                        <div class=\"clearfix\"><\/div>\n                    <\/div>\n                <\/div>\n            <\/div>\n            \n        <\/section>            \n\t\n\t\n\t\t\n\t\t<section class=\"side-bg no-padding service-list\" id=\"section-service-4\">\n\n\t\t\t\t\t\t\n            <div class=\"image-container col-md-5 pull-left hidden-xs\" data-delay=\"0\">\n                <div class=\"background-image lazyload\" style=\"background-image:inherit;\" data-bg-image=\"url(&#039;https:\/\/acimutfak.com.tr\/wp-content\/uploads\/2021\/11\/WhatsApp-Image-2021-10-25-at-16.22.14-1.jpeg&#039;)\"><\/div>\n            <\/div>\n\n            <!-- Added this code in 26\/03\/2019 -->\n            <div class=\"visible-xs mb-30\" data-delay=\"0\">\n            \t<img loading=\"lazy\" decoding=\"async\" width=\"1600\" height=\"900\" data-src=\"https:\/\/acimutfak.com.tr\/wp-content\/uploads\/2021\/11\/WhatsApp-Image-2021-10-25-at-16.22.14-1.jpeg\" class=\"img-responsive wp-post-image lazyload\" alt=\"\" data-srcset=\"https:\/\/acimutfak.com.tr\/wp-content\/uploads\/2021\/11\/WhatsApp-Image-2021-10-25-at-16.22.14-1.jpeg 1600w, https:\/\/acimutfak.com.tr\/wp-content\/uploads\/2021\/11\/WhatsApp-Image-2021-10-25-at-16.22.14-1-600x338.jpeg 600w, https:\/\/acimutfak.com.tr\/wp-content\/uploads\/2021\/11\/WhatsApp-Image-2021-10-25-at-16.22.14-1-300x169.jpeg 300w, https:\/\/acimutfak.com.tr\/wp-content\/uploads\/2021\/11\/WhatsApp-Image-2021-10-25-at-16.22.14-1-1024x576.jpeg 1024w, https:\/\/acimutfak.com.tr\/wp-content\/uploads\/2021\/11\/WhatsApp-Image-2021-10-25-at-16.22.14-1-768x432.jpeg 768w, https:\/\/acimutfak.com.tr\/wp-content\/uploads\/2021\/11\/WhatsApp-Image-2021-10-25-at-16.22.14-1-1536x864.jpeg 1536w\" data-sizes=\"auto, (max-width: 1600px) 100vw, 1600px\" title=\"4b\" src=\"data:image\/gif;base64,R0lGODlhAQABAAAAACH5BAEKAAEALAAAAAABAAEAAAICTAEAOw==\" style=\"--smush-placeholder-width: 1600px; --smush-placeholder-aspect-ratio: 1600\/900;\" \/><noscript><img loading=\"lazy\" decoding=\"async\" width=\"1600\" height=\"900\" src=\"https:\/\/acimutfak.com.tr\/wp-content\/uploads\/2021\/11\/WhatsApp-Image-2021-10-25-at-16.22.14-1.jpeg\" class=\"img-responsive wp-post-image\" alt=\"\" srcset=\"https:\/\/acimutfak.com.tr\/wp-content\/uploads\/2021\/11\/WhatsApp-Image-2021-10-25-at-16.22.14-1.jpeg 1600w, https:\/\/acimutfak.com.tr\/wp-content\/uploads\/2021\/11\/WhatsApp-Image-2021-10-25-at-16.22.14-1-600x338.jpeg 600w, https:\/\/acimutfak.com.tr\/wp-content\/uploads\/2021\/11\/WhatsApp-Image-2021-10-25-at-16.22.14-1-300x169.jpeg 300w, https:\/\/acimutfak.com.tr\/wp-content\/uploads\/2021\/11\/WhatsApp-Image-2021-10-25-at-16.22.14-1-1024x576.jpeg 1024w, https:\/\/acimutfak.com.tr\/wp-content\/uploads\/2021\/11\/WhatsApp-Image-2021-10-25-at-16.22.14-1-768x432.jpeg 768w, https:\/\/acimutfak.com.tr\/wp-content\/uploads\/2021\/11\/WhatsApp-Image-2021-10-25-at-16.22.14-1-1536x864.jpeg 1536w\" sizes=\"auto, (max-width: 1600px) 100vw, 1600px\" title=\"4b\" \/><\/noscript>            <\/div>\n\t\t\t\n            <div class=\"container\">\n                <div class=\"row\">\n                    <div class=\"inner-padding\">\n                        <div data-wow-delay=\".5s\" class=\"col-md-6 col-md-offset-6 wow fadeInRight\">\n                            <h3 class=\"id-color\">\u0130\u00e7 Mek\u00e2n Yap\u0131 Elemanlar\u0131<\/h3>\n                            <div class=\"service-excerpt\"><p>[vc_row][vc_column width=&#8221;1\/3&#8243;][vc_wp_custommenu nav_menu=&#8221;60&#8243; el_id=&#8221;services-list&#8221;][\/vc_column][vc_column width=&#8221;1\/3&#8243;][vc_column_text] \u0130\u00e7 Mek\u00e2n Yap\u0131 Elemanlar\u0131 \u2022 Kap\u0131lar ve Kaplama \u00c7\u00f6z\u00fcmleri Mekan\u0131n\u0131za uygun kap\u0131, s\u00fcp\u00fcrgelik ve i\u00e7 duvar lambri kaplama \u00e7\u00f6z\u00fcmleri sunuyoruz. Hayalinizdeki ya\u015fam alan\u0131 i\u00e7in her detay\u0131 \u00f6zenle tasarl\u0131yor, \u015f\u0131k ve estetik detaylarla alanlar\u0131n\u0131za karakter ve s\u0131cakl\u0131k kat\u0131yoruz. \u2022 Merdiven ve Korkuluk \u0130\u00e7 mekan\u0131n\u0131z\u0131n esteti\u011fini ve g\u00fcvenli\u011fini art\u0131ran merdiven basamaklar\u0131 ve [&hellip;]<\/p>\n<\/div>\n                            \t\t\t\t\t\t\t\t<div class=\"spacer-single\"><\/div>\n\t                            <a class=\"btn-line\" href=\"https:\/\/acimutfak.com.tr\/index.php\/service\/ic-mekan-yapi-elemanlari\/\">Devam\u0131n\u0131 Oku...<\/a>\n\t\t\t\t\t\t\t                        <\/div>\n                        <div class=\"clearfix\"><\/div>\n                    <\/div>\n                <\/div>\n            <\/div>\n\n            \n        <\/section>            \n\t\n\t\n\t\t\n\t\t<section class=\"side-bg no-padding service-list\" id=\"section-service-5\">\n\n\t\t\t\n            <div class=\"image-container col-md-5 col-md-offset-7 pull-right right0 hidden-xs\" data-delay=\"0\">\n                <div class=\"background-image lazyload\" style=\"background-image:inherit;\" data-bg-image=\"url(&#039;https:\/\/acimutfak.com.tr\/wp-content\/uploads\/2018\/09\/3b.jpg&#039;)\"><\/div>\n            <\/div>\n\n            <!-- Added this code in 26\/03\/2019 -->\n            <div class=\"visible-xs mb-30\" data-delay=\"0\">\n            \t<img loading=\"lazy\" decoding=\"async\" width=\"800\" height=\"533\" data-src=\"https:\/\/acimutfak.com.tr\/wp-content\/uploads\/2018\/09\/3b.jpg\" class=\"img-responsive wp-post-image lazyload\" alt=\"\" data-srcset=\"https:\/\/acimutfak.com.tr\/wp-content\/uploads\/2018\/09\/3b.jpg 800w, https:\/\/acimutfak.com.tr\/wp-content\/uploads\/2018\/09\/3b-600x400.jpg 600w, https:\/\/acimutfak.com.tr\/wp-content\/uploads\/2018\/09\/3b-300x200.jpg 300w, https:\/\/acimutfak.com.tr\/wp-content\/uploads\/2018\/09\/3b-768x512.jpg 768w, https:\/\/acimutfak.com.tr\/wp-content\/uploads\/2018\/09\/3b-750x499.jpg 750w\" data-sizes=\"auto, (max-width: 800px) 100vw, 800px\" title=\"3b\" src=\"data:image\/gif;base64,R0lGODlhAQABAAAAACH5BAEKAAEALAAAAAABAAEAAAICTAEAOw==\" style=\"--smush-placeholder-width: 800px; --smush-placeholder-aspect-ratio: 800\/533;\" \/><noscript><img loading=\"lazy\" decoding=\"async\" width=\"800\" height=\"533\" src=\"https:\/\/acimutfak.com.tr\/wp-content\/uploads\/2018\/09\/3b.jpg\" class=\"img-responsive wp-post-image\" alt=\"\" srcset=\"https:\/\/acimutfak.com.tr\/wp-content\/uploads\/2018\/09\/3b.jpg 800w, https:\/\/acimutfak.com.tr\/wp-content\/uploads\/2018\/09\/3b-600x400.jpg 600w, https:\/\/acimutfak.com.tr\/wp-content\/uploads\/2018\/09\/3b-300x200.jpg 300w, https:\/\/acimutfak.com.tr\/wp-content\/uploads\/2018\/09\/3b-768x512.jpg 768w, https:\/\/acimutfak.com.tr\/wp-content\/uploads\/2018\/09\/3b-750x499.jpg 750w\" sizes=\"auto, (max-width: 800px) 100vw, 800px\" title=\"3b\" \/><\/noscript>            <\/div>\n\t\t\t\n            <div class=\"container\">\n                <div class=\"row\">\n                    <div class=\"inner-padding\">\n                        <div data-wow-delay=\".5s\" class=\"col-md-6 wow fadeInLeft\">\n                            <h3 class=\"id-color\">D\u0131\u015f Mek\u00e2n Mobilyalar\u0131<\/h3>\n                            <div class=\"service-excerpt\"><p>[vc_row][vc_column width=&#8221;1\/3&#8243;][vc_wp_custommenu nav_menu=&#8221;60&#8243; el_id=&#8221;services-list&#8221;][\/vc_column][vc_column width=&#8221;1\/3&#8243;][vc_column_text] D\u0131\u015f Mek\u00e2n Mobilyalar\u0131 \u2022 Pergola ve Bah\u00e7e \u00c7\u00f6z\u00fcmleri Bah\u00e7enizi veya teras\u0131n\u0131z\u0131 daha keyifli hale getirecek pergola ve d\u0131\u015f mek\u00e2n mobilyalar\u0131 \u00fcretiyoruz. Dayan\u0131kl\u0131 ve estetik \u00e7\u00f6z\u00fcmlerimizle d\u0131\u015f mekanlar\u0131n\u0131za \u00f6zg\u00fcn bir hava kat\u0131yoruz. [\/vc_column_text][\/vc_column][vc_column width=&#8221;1\/3&#8243;][vc_single_image image=&#8221;825&#8243; img_size=&#8221;500-300&#8243;][\/vc_column][\/vc_row][vc_row][vc_column width=&#8221;1\/3&#8243;][\/vc_column][vc_column width=&#8221;1\/3&#8243; animate=&#8221;fadinright&#8221;][\/vc_column][vc_column width=&#8221;1\/3&#8243;][\/vc_column][\/vc_row]<\/p>\n<\/div>\n                            \t\t\t\t\t\t\t\t<div class=\"spacer-single\"><\/div>\n\t                            <a class=\"btn-line\" href=\"https:\/\/acimutfak.com.tr\/index.php\/service\/dis-mekan-mobilyalari\/\">Devam\u0131n\u0131 Oku...<\/a>\n\t\t\t\t\t\t\t                        <\/div>\n                        <div class=\"clearfix\"><\/div>\n                    <\/div>\n                <\/div>\n            <\/div>\n            \n        <\/section>            \n\t\n\t\t\n\n[\/vc_column][\/vc_row]<\/p>\n","protected":false},"excerpt":{"rendered":"<p>[vc_row][vc_column][\/vc_column][\/vc_row]<\/p>\n","protected":false},"author":2,"featured_media":0,"parent":0,"menu_order":0,"comment_status":"closed","ping_status":"closed","template":"","meta":{"footnotes":""},"class_list":["post-728","page","type-page","status-publish","hentry"],"_links":{"self":[{"href":"https:\/\/acimutfak.com.tr\/index.php\/wp-json\/wp\/v2\/pages\/728","targetHints":{"allow":["GET"]}}],"collection":[{"href":"https:\/\/acimutfak.com.tr\/index.php\/wp-json\/wp\/v2\/pages"}],"about":[{"href":"https:\/\/acimutfak.com.tr\/index.php\/wp-json\/wp\/v2\/types\/page"}],"author":[{"embeddable":true,"href":"https:\/\/acimutfak.com.tr\/index.php\/wp-json\/wp\/v2\/users\/2"}],"replies":[{"embeddable":true,"href":"https:\/\/acimutfak.com.tr\/index.php\/wp-json\/wp\/v2\/comments?post=728"}],"version-history":[{"count":9,"href":"https:\/\/acimutfak.com.tr\/index.php\/wp-json\/wp\/v2\/pages\/728\/revisions"}],"predecessor-version":[{"id":1480,"href":"https:\/\/acimutfak.com.tr\/index.php\/wp-json\/wp\/v2\/pages\/728\/revisions\/1480"}],"wp:attachment":[{"href":"https:\/\/acimutfak.com.tr\/index.php\/wp-json\/wp\/v2\/media?parent=728"}],"curies":[{"name":"wp","href":"https:\/\/api.w.org\/{rel}","templated":true}]}}