{"id":631,"date":"2017-05-30T08:53:46","date_gmt":"2017-05-30T08:53:46","guid":{"rendered":"http:\/\/demo.archiwp.com\/index-masonry-black\/?page_id=631"},"modified":"2024-11-06T10:11:43","modified_gmt":"2024-11-06T07:11:43","slug":"medium-grid-4-cols","status":"publish","type":"page","link":"https:\/\/acimutfak.com.tr\/","title":{"rendered":"Home"},"content":{"rendered":"<p>[vc_row fullwidth=&#8221;yes&#8221;][vc_column]\n\t\t\t<!-- START Studio Home Slider REVOLUTION SLIDER 6.5.5 --><p class=\"rs-p-wp-fix\"><\/p>\n\t\t\t<rs-module-wrap id=\"rev_slider_1_1_wrapper\" data-source=\"gallery\" style=\"visibility:hidden;background:transparent;padding:0;\">\n\t\t\t\t<rs-module id=\"rev_slider_1_1\" style=\"\" data-version=\"6.5.5\">\n\t\t\t\t\t<rs-slides>\n\t\t\t\t\t\t<rs-slide style=\"position: absolute;\" data-key=\"rs-1\" data-title=\"Slide\" data-thumb=\"\/\/acimutfak.com.tr\/wp-content\/uploads\/2021\/09\/aci1-100x50.jpg\" data-duration=\"5000\" data-anim=\"ms:800;\" data-in=\"o:0;x:-100%;\" data-out=\"x:60%;\">\n\t\t\t\t\t\t\t<img loading=\"lazy\" decoding=\"async\" src=\"\/\/acimutfak.com.tr\/wp-content\/plugins\/revslider\/public\/assets\/assets\/dummy.png\" title=\"aci1\" width=\"1200\" height=\"800\" class=\"rev-slidebg tp-rs-img rs-lazyload\" data-lazyload=\"\/\/acimutfak.com.tr\/wp-content\/uploads\/2021\/09\/aci1.jpg\" data-no-retina>\n<!--\n\t\t\t\t\t\t\t--><rs-layer\n\t\t\t\t\t\t\t\tid=\"slider-1-slide-1-layer-2\" \n\t\t\t\t\t\t\t\tdata-type=\"text\"\n\t\t\t\t\t\t\t\tdata-color=\"rgba(255, 255, 255, 1)\"\n\t\t\t\t\t\t\t\tdata-rsp_ch=\"on\"\n\t\t\t\t\t\t\t\tdata-xy=\"x:l,c,c,c;y:m;\"\n\t\t\t\t\t\t\t\tdata-text=\"s:72,65,50,30;l:23,23,23,17;ls:10px,8px,8px,4px;fw:300;a:center;\"\n\t\t\t\t\t\t\t\tdata-dim=\"w:auto,auto,auto,480px;h:auto,auto,auto,22px;\"\n\t\t\t\t\t\t\t\tdata-frame_0=\"y:50px,50px,50px,38px;\"\n\t\t\t\t\t\t\t\tdata-frame_1=\"x:0,0,0,0px;y:0,0,0,0px;e:expo.inOut;st:500;sp:800;sR:500;\"\n\t\t\t\t\t\t\t\tdata-frame_999=\"y:50px,50px,50px,38px;o:0;e:nothing;st:w;sp:400;sR:3700;\"\n\t\t\t\t\t\t\t\tstyle=\"z-index:10;font-family:'Dosis';text-transform:uppercase;\"\n\t\t\t\t\t\t\t>Evinizin Kalbini Dekore Edin! \n\t\t\t\t\t\t\t<\/rs-layer><!--\n\n\t\t\t\t\t\t\t--><rs-layer\n\t\t\t\t\t\t\t\tid=\"slider-1-slide-1-layer-5\" \n\t\t\t\t\t\t\t\tdata-type=\"text\"\n\t\t\t\t\t\t\t\tdata-color=\"rgba(250, 183, 2, 1)\"\n\t\t\t\t\t\t\t\tdata-rsp_ch=\"on\"\n\t\t\t\t\t\t\t\tdata-xy=\"x:l,c,c,c;yo:160px,300px,400px,300px;\"\n\t\t\t\t\t\t\t\tdata-text=\"s:16,15,15,14;l:21;ls:6px,5px,4px,4px;fw:300;a:center;\"\n\t\t\t\t\t\t\t\tdata-frame_0=\"y:50px;\"\n\t\t\t\t\t\t\t\tdata-frame_1=\"e:expo.inOut;st:400;sp:800;sR:400;\"\n\t\t\t\t\t\t\t\tdata-frame_999=\"y:50px;o:0;e:nothing;st:w;sp:450;sR:3800;\"\n\t\t\t\t\t\t\t\tstyle=\"z-index:11;font-family:'Dosis';text-transform:uppercase;\"\n\t\t\t\t\t\t\t>MUTFAK DEKORASYONU \n\t\t\t\t\t\t\t<\/rs-layer><!--\n\n\t\t\t\t\t\t\t--><rs-layer\n\t\t\t\t\t\t\t\tid=\"slider-1-slide-1-layer-7\" \n\t\t\t\t\t\t\t\tdata-type=\"text\"\n\t\t\t\t\t\t\t\tdata-color=\"rgba(221, 221, 221, 1)\"\n\t\t\t\t\t\t\t\tdata-rsp_ch=\"on\"\n\t\t\t\t\t\t\t\tdata-xy=\"x:l,c,c,c;yo:310px,430px,520px,520px;\"\n\t\t\t\t\t\t\t\tdata-text=\"s:14,14,13,13;l:23;fw:300;a:center;\"\n\t\t\t\t\t\t\t\tdata-vbility=\"t,t,t,f\"\n\t\t\t\t\t\t\t\tdata-frame_0=\"y:50;\"\n\t\t\t\t\t\t\t\tdata-frame_1=\"e:expo.inOut;st:600;sp:800;\"\n\t\t\t\t\t\t\t\tdata-frame_999=\"y:50;o:0;e:expo.inOut;st:w;sp:450;\"\n\t\t\t\t\t\t\t\tstyle=\"z-index:9;font-family:'Raleway';\"\n\t\t\t\t\t\t\t>Unutmay\u0131n, ideal bir mutfak ak\u0131ll\u0131ca d\u00fczenlenmi\u015f, maksimum verime ve pratik depolama \u00e7\u00f6z\u00fcmlerine sahip bir mutfakt\u0131r. \n\t\t\t\t\t\t\t<\/rs-layer><!--\n\n\t\t\t\t\t\t\t--><a\n\t\t\t\t\t\t\t\tid=\"slider-1-slide-1-layer-12\" \n\t\t\t\t\t\t\t\tclass=\"rs-layer rev-btn\"\n\t\t\t\t\t\t\t\thref=\"https:\/\/acimutfak.com.tr\/index.php\/projeler\/\" target=\"_self\" rel=\"nofollow\"\n\t\t\t\t\t\t\t\tdata-type=\"button\"\n\t\t\t\t\t\t\t\tdata-rsp_ch=\"on\"\n\t\t\t\t\t\t\t\tdata-xy=\"x:l,c,c,c;yo:385px,490px,580px,410px;\"\n\t\t\t\t\t\t\t\tdata-text=\"w:normal;s:13,12,11,11;l:24,23,21,20;ls:3px,2px,1px,1px;fw:700,700,700,600;\"\n\t\t\t\t\t\t\t\tdata-dim=\"minh:0px,none,none,none;\"\n\t\t\t\t\t\t\t\tdata-padding=\"t:7,6,5,3;r:30,26,20,12;b:7,6,5,3;l:30,26,20,12;\"\n\t\t\t\t\t\t\t\tdata-border=\"bos:solid;boc:#ffffff;bow:2px,2px,2px,2px;\"\n\t\t\t\t\t\t\t\tdata-frame_0=\"y:50,43,32,19;\"\n\t\t\t\t\t\t\t\tdata-frame_1=\"e:expo.inOut;st:700;sp:800;\"\n\t\t\t\t\t\t\t\tdata-frame_999=\"y:50,43,32,19;o:0;e:default;st:w;sp:450;\"\n\t\t\t\t\t\t\t\tdata-frame_hover=\"c:#222;bgc:#fff;boc:#fff;bor:0px,0px,0px,0px;bos:solid;bow:2px,2px,2px,2px;e:power1.inOut;\"\n\t\t\t\t\t\t\t\tstyle=\"z-index:8;background-color:rgba(0,0,0,0);font-family:'Montserrat';text-transform:uppercase;\"\n\t\t\t\t\t\t\t>\u00d6rnek Projeler \n\t\t\t\t\t\t\t<\/a><!--\n-->\t\t\t\t\t\t<\/rs-slide>\n\t\t\t\t\t\t<rs-slide style=\"position: absolute;\" data-key=\"rs-2\" data-title=\"Slide\" data-thumb=\"\/\/acimutfak.com.tr\/wp-content\/uploads\/2021\/09\/aci-mutfak-slider-100x50.png\" data-duration=\"5000\" data-anim=\"ms:800;\" data-in=\"o:0;x:-100%;\" data-out=\"x:60%;\">\n\t\t\t\t\t\t\t<img loading=\"lazy\" decoding=\"async\" src=\"\/\/acimutfak.com.tr\/wp-content\/plugins\/revslider\/public\/assets\/assets\/dummy.png\" title=\"aci-mutfak-slider\" width=\"1200\" height=\"800\" class=\"rev-slidebg tp-rs-img rs-lazyload\" data-lazyload=\"\/\/acimutfak.com.tr\/wp-content\/uploads\/2021\/09\/aci-mutfak-slider.png\" data-no-retina>\n<!--\n\t\t\t\t\t\t\t--><rs-layer\n\t\t\t\t\t\t\t\tid=\"slider-1-slide-2-layer-2\" \n\t\t\t\t\t\t\t\tdata-type=\"text\"\n\t\t\t\t\t\t\t\tdata-color=\"rgba(255, 255, 255, 1)\"\n\t\t\t\t\t\t\t\tdata-rsp_ch=\"on\"\n\t\t\t\t\t\t\t\tdata-xy=\"x:r,c,c,c;xo:-10px,0,0,0;y:m;\"\n\t\t\t\t\t\t\t\tdata-text=\"s:72,65,50,40;l:23;ls:10px,8px,8px,5px;fw:300;a:center;\"\n\t\t\t\t\t\t\t\tdata-frame_0=\"y:50px;\"\n\t\t\t\t\t\t\t\tdata-frame_1=\"e:expo.inOut;st:500;sp:800;sR:500;\"\n\t\t\t\t\t\t\t\tdata-frame_999=\"y:50px;o:0;e:nothing;st:w;sp:400;sR:3700;\"\n\t\t\t\t\t\t\t\tstyle=\"z-index:10;font-family:'Dosis';text-transform:uppercase;\"\n\t\t\t\t\t\t\t>En yeni trendler \n\t\t\t\t\t\t\t<\/rs-layer><!--\n\n\t\t\t\t\t\t\t--><rs-layer\n\t\t\t\t\t\t\t\tid=\"slider-1-slide-2-layer-5\" \n\t\t\t\t\t\t\t\tdata-type=\"text\"\n\t\t\t\t\t\t\t\tdata-color=\"rgba(250, 183, 2, 1)\"\n\t\t\t\t\t\t\t\tdata-rsp_ch=\"on\"\n\t\t\t\t\t\t\t\tdata-xy=\"x:r,c,c,c;yo:160px,300px,400px,300px;\"\n\t\t\t\t\t\t\t\tdata-text=\"s:16,15,15,14;l:21;ls:6px,5px,4px,4px;fw:300;a:center;\"\n\t\t\t\t\t\t\t\tdata-frame_0=\"y:50px;\"\n\t\t\t\t\t\t\t\tdata-frame_1=\"e:expo.inOut;st:400;sp:800;sR:400;\"\n\t\t\t\t\t\t\t\tdata-frame_999=\"y:50px;o:0;e:nothing;st:w;sp:450;sR:3800;\"\n\t\t\t\t\t\t\t\tstyle=\"z-index:9;font-family:'Dosis';text-transform:uppercase;\"\n\t\t\t\t\t\t\t>Mutfa\u011f\u0131m i\u00e7in hangi tarz\u0131 se\u00e7meliyim\n \n\t\t\t\t\t\t\t<\/rs-layer><!--\n\n\t\t\t\t\t\t\t--><rs-layer\n\t\t\t\t\t\t\t\tid=\"slider-1-slide-2-layer-7\" \n\t\t\t\t\t\t\t\tclass=\"text-center\"\n\t\t\t\t\t\t\t\tdata-type=\"text\"\n\t\t\t\t\t\t\t\tdata-color=\"rgba(221, 221, 221, 1)\"\n\t\t\t\t\t\t\t\tdata-rsp_ch=\"on\"\n\t\t\t\t\t\t\t\tdata-xy=\"x:r,c,c,c;yo:310px,430px,520px,520px;\"\n\t\t\t\t\t\t\t\tdata-text=\"s:14,14,13,13;l:23;fw:300;a:center;\"\n\t\t\t\t\t\t\t\tdata-vbility=\"t,t,t,f\"\n\t\t\t\t\t\t\t\tdata-frame_0=\"y:50px;\"\n\t\t\t\t\t\t\t\tdata-frame_1=\"e:expo.inOut;st:600;sp:800;sR:600;\"\n\t\t\t\t\t\t\t\tdata-frame_999=\"y:50px;o:0;e:nothing;st:w;sp:450;sR:3600;\"\n\t\t\t\t\t\t\t\tstyle=\"z-index:11;font-family:'Raleway';\"\n\t\t\t\t\t\t\t>Modern mutfaklar\u0131n anahtar \u00f6geleri, temiz ve ak\u0131c\u0131 \u00e7izgiler, paslanmaz \u00e7elik donat\u0131lar ve modern ailelerin ya\u015fam tarz\u0131na uygun a\u00e7\u0131k bir yerle\u015fimdir. \n\t\t\t\t\t\t\t<\/rs-layer><!--\n\n\t\t\t\t\t\t\t--><a\n\t\t\t\t\t\t\t\tid=\"slider-1-slide-2-layer-13\" \n\t\t\t\t\t\t\t\tclass=\"rs-layer rev-btn\"\n\t\t\t\t\t\t\t\thref=\"https:\/\/acimutfak.com.tr\/index.php\/projeler\/\" target=\"_self\" rel=\"nofollow\"\n\t\t\t\t\t\t\t\tdata-type=\"button\"\n\t\t\t\t\t\t\t\tdata-rsp_ch=\"on\"\n\t\t\t\t\t\t\t\tdata-xy=\"x:r,c,c,c;xo:-1px,0,0,0;yo:386px,490px,580px,410px;\"\n\t\t\t\t\t\t\t\tdata-text=\"w:normal;s:13,12,11,11;l:24,23,21,20;ls:3px,2px,1px,1px;fw:700,700,700,600;\"\n\t\t\t\t\t\t\t\tdata-dim=\"minh:0px,none,none,none;\"\n\t\t\t\t\t\t\t\tdata-padding=\"t:7,6,5,3;r:30,26,20,12;b:7,6,5,3;l:30,26,20,12;\"\n\t\t\t\t\t\t\t\tdata-border=\"bos:solid;boc:#ffffff;bow:2px,2px,2px,2px;\"\n\t\t\t\t\t\t\t\tdata-frame_0=\"y:50,43,32,19;\"\n\t\t\t\t\t\t\t\tdata-frame_1=\"e:expo.inOut;st:700;sp:800;\"\n\t\t\t\t\t\t\t\tdata-frame_999=\"y:50,43,32,19;o:0;st:w;sp:450;\"\n\t\t\t\t\t\t\t\tdata-frame_hover=\"c:#222;bgc:#fff;boc:#fff;bor:0px,0px,0px,0px;bos:solid;bow:2px,2px,2px,2px;e:power1.inOut;\"\n\t\t\t\t\t\t\t\tstyle=\"z-index:8;background-color:rgba(0,0,0,0);font-family:'Montserrat';text-transform:uppercase;\"\n\t\t\t\t\t\t\t>PROJELER\u0130M\u0130Z \n\t\t\t\t\t\t\t<\/a><!--\n-->\t\t\t\t\t\t<\/rs-slide>\n\t\t\t\t\t<\/rs-slides>\n\t\t\t\t<\/rs-module>\n\t\t\t\t<script type=\"text\/javascript\">\n\t\t\t\t\tsetREVStartSize({c: 'rev_slider_1_1',rl:[1240,1024,778,480],el:[500,768,960,720],gw:[1170,1024,778,480],gh:[500,768,960,720],type:'standard',justify:'',layout:'fullscreen',offsetContainer:'',offset:'',mh:\"0\"});if (window.RS_MODULES!==undefined && window.RS_MODULES.modules!==undefined && window.RS_MODULES.modules[\"revslider11\"]!==undefined) {window.RS_MODULES.modules[\"revslider11\"].once = false;window.revapi1 = undefined;window.RS_MODULES.checkMinimal()}\n\t\t\t\t<\/script>\n\t\t\t<\/rs-module-wrap>\n\t\t\t<!-- END REVOLUTION SLIDER -->\n[\/vc_column][\/vc_row][vc_row css=&#8221;.vc_custom_1537418083669{padding-top: 90px !important;padding-bottom: 90px !important;}&#8221;][vc_column offset=&#8221;vc_col-lg-offset-3 vc_col-lg-6 vc_col-md-offset-3 vc_col-md-6&#8243; el_class=&#8221;text-center&#8221;][vc_column_text css=&#8221;.vc_custom_1730876937589{margin-bottom: 50px !important;}&#8221;]<\/p>\n<h1 class=\"style-1\"><span class=\"id-color\">\u00d6zel Mutfak Tasar\u0131m\u0131<\/span><\/h1>\n<h2 class=\"style-1\">Yepyeni malzeme ve trend anlay\u0131\u015flar\u0131 adeta devrim niteli\u011fi ta\u015f\u0131yor<\/h2>\n<p class=\"style-5\">Yeni bir mutfak tercihinde g\u00f6z \u00f6n\u00fcnde bulundurulmas\u0131 gereken pek \u00e7ok dinamik mevcuttur<\/p>\n<p>[\/vc_column_text][\/vc_column][vc_column width=&#8221;1\/3&#8243;][vc_single_image image=&#8221;866&#8243; img_size=&#8221;full&#8221; style=&#8221;vc_box_rounded&#8221; onclick=&#8221;link_image&#8221; css=&#8221;.vc_custom_1632764968816{margin-bottom: 30px !important;}&#8221;]\n\t<!-- Element: OT Heading --> \t \n\t<h3 class=\"ot_custom_heading style-1 \" style=\"\" >TASARIM<\/h3>\t\n[vc_column_text]A\u00e7\u0131 Mutfak, bir mimari mek\u00e2n\u0131n i\u00e7inde kullan\u0131c\u0131lara i\u015flevsel yap\u0131sal ve estetik \u00f6l\u00e7\u00fctlere g\u00f6re en uygun tasar\u0131m\u0131 sunmak i\u00e7in \u00e7\u00f6z\u00fcmler \u00fcretir&#8230;.[\/vc_column_text][\/vc_column][vc_column width=&#8221;1\/3&#8243;][vc_single_image image=&#8221;868&#8243; img_size=&#8221;full&#8221; style=&#8221;vc_box_rounded&#8221; onclick=&#8221;link_image&#8221; css=&#8221;.vc_custom_1632765472644{margin-bottom: 30px !important;}&#8221;]\n\t<!-- Element: OT Heading --> \t \n\t<h3 class=\"ot_custom_heading style-1 \" style=\"\" >UYGULAMA<\/h3>\t\n[vc_column_text]Mimari uygulama organizasyonlar\u0131nda tasar\u0131ma verdi\u011fi \u00f6nemi uygulamaya da birebir yans\u0131tan deneyimli ekibimiz m\u00fc\u015fteri beklentilerine uygun projeler \u00fcretmektedir.[\/vc_column_text][\/vc_column][vc_column width=&#8221;1\/3&#8243;][vc_single_image image=&#8221;870&#8243; img_size=&#8221;full&#8221; style=&#8221;vc_box_rounded&#8221; onclick=&#8221;link_image&#8221; css=&#8221;.vc_custom_1632766111649{margin-bottom: 30px !important;}&#8221;]\n\t<!-- Element: OT Heading --> \t \n\t<h3 class=\"ot_custom_heading style-1 \" style=\"\" >PROJE<\/h3>\t\n[vc_column_text]A\u00e7\u0131 Mutfak bir mimari mek\u00e2n\u0131n i\u00e7inde kullan\u0131c\u0131lara i\u015flevsel yap\u0131sal ve estetik \u00f6l\u00e7\u00fctlere g\u00f6re en uygun tasar\u0131m\u0131 sunmak i\u00e7in \u00e7\u00f6z\u00fcmler \u00fcretir&#8230;[\/vc_column_text][\/vc_column][vc_column el_class=&#8221;text-center&#8221;]\t\t\t\n\t<!-- Element: OT Button 2 --> \n\t<a href=\"https:\/\/acimutfak.com.tr\/index.php\/hizmetlerimiz\/\" title=\"Devam\u0131n\u0131 Oku...\" target=\"_self\" class=\"btn btn btn-custom\">Devam\u0131n\u0131 Oku...<\/a>\t\n[\/vc_column][\/vc_row][vc_row css=&#8221;.vc_custom_1537264928256{padding-top: 90px !important;padding-bottom: 90px !important;}&#8221;][vc_column width=&#8221;1\/4&#8243;]\t<!-- Element: OT Our Facts -->\n\t<div class=\"de_count \">\n                <h3 class=\"timer\" data-to=\"350\" data-speed=\"2500\">0<\/h3>\n        <span>M\u00fc\u015fteri<\/span>\n    <\/div>\n\n[\/vc_column][vc_column width=&#8221;1\/4&#8243;]\t<!-- Element: OT Our Facts -->\n\t<div class=\"de_count \">\n                <h3 class=\"timer\" data-to=\"1128\" data-speed=\"2500\">0<\/h3>\n        <span>Proje<\/span>\n    <\/div>\n\n[\/vc_column][vc_column width=&#8221;1\/4&#8243;]\t<!-- Element: OT Our Facts -->\n\t<div class=\"de_count \">\n                <h3 class=\"timer\" data-to=\"750\" data-speed=\"2500\">0<\/h3>\n        <span>\u00c7e\u015fit \u00dcr\u00fcn<\/span>\n    <\/div>\n\n[\/vc_column][vc_column width=&#8221;1\/4&#8243;]\t<!-- Element: OT Our Facts -->\n\t<div class=\"de_count \">\n                <h3 class=\"timer\" data-to=\"30\" data-speed=\"2500\">0<\/h3>\n        <span>Lokasyon<\/span>\n    <\/div>\n\n[\/vc_column][\/vc_row][vc_row fullwidth=&#8221;yes&#8221; css=&#8221;.vc_custom_1537263094311{padding-top: 10px !important;background-color: #ffffff !important;}&#8221;][vc_column]  \n\n\t<!-- Element: OT Portfolio Masonry -->\n\t<div class=\"projects-grid-wrapper\">\n\t\t<div class=\"projects-grid projects-load-ajax overlay_s1 pf_4_cols\" style=\"margin:5px;\">    \n\t\t\t<div class=\"project-item-sizer\"><\/div>\n\t        \t    <\/div> \n\t<\/div>\n[\/vc_column][\/vc_row][vc_row css=&#8221;.vc_custom_1730867359085{padding-top: 90px !important;padding-bottom: 60px !important;background-color: 323E48 !important;}&#8221;][vc_column width=&#8221;1\/3&#8243; offset=&#8221;vc_col-lg-offset-3 vc_col-lg-6 vc_col-md-offset-3 vc_col-md-6&#8243; el_class=&#8221;text-center&#8221;][vc_column_text css=&#8221;.vc_custom_1730877029254{margin-bottom: 50px !important;}&#8221;]<\/p>\n<h1 class=\"style-1\"><span class=\"id-color\">Sizin i\u00e7in<\/span><\/h1>\n<h2 class=\"style-5\">En \u0130yi Hizmeti Sunuyoruz<\/h2>\n<p class=\"lead\">A\u00e7\u0131 Mutfak olarak, komple mutfak tadilat\u0131 ya da mutfak dekorasyonu hizmeti verdi\u011fimiz gibi talebe g\u00f6re \u00f6zel uygulamalar da yap\u0131yoruz.<\/p>\n<p>[\/vc_column_text][\/vc_column][vc_column width=&#8221;1\/3&#8243;]\t\t\n\t<!-- OT Info Apps 2 -->\n    <div class=\"vc_custom_1632767081473 box-icon \">\n\t     \n\t    \t<span class=\"icon \" >\n\t        \t<i class=\"id-color icon-paintbrush\" ><\/i>\n\t        <\/span>\n\t       \n        <div class=\"text\">\n            <h3>M\u00fc\u015fteri Memnuniyeti<\/h3>\n            <p>Yap\u0131lan dekorasyon \u00e7al\u0131\u015fmalar\u0131nda m\u00fc\u015fteri memnuniyetini \u00f6n planda tutan bir hizmet sunuyor. \u0130\u00e7 mimari ve dekorasyonu esnas\u0131nda \u00e7al\u0131\u015fanlar\u0131n titiz yakla\u015f\u0131m\u0131yla \u00e7al\u0131\u015fmalar\u0131 tamamlamaktay\u0131z.<\/p>\n                    <\/div>        \n    <\/div>    \n\n[\/vc_column][vc_column width=&#8221;1\/3&#8243;]\t\t\n\t<!-- OT Info Apps 2 -->\n    <div class=\"vc_custom_1632767013619 box-icon \">\n\t     \n\t    \t<span class=\"icon \" >\n\t        \t<i class=\"id-color icon-trophy\" ><\/i>\n\t        <\/span>\n\t       \n        <div class=\"text\">\n            <h3>Modern Yakla\u015f\u0131m<\/h3>\n            <p>A\u00e7\u0131 Mutfak dekorasyon fark\u0131yla yap\u0131lan \u00e7al\u0131\u015fmalar\u0131m\u0131zda modern yakla\u015f\u0131mlar\u0131 \u00f6n planda tutuyoruz. \u0130\u00e7 mimarlar\u0131m\u0131z\u0131n g\u00fcncel tasar\u0131mlar\u0131yla zaman\u0131n trendlerini evinizde yakalayabilirsiniz.<\/p>\n                    <\/div>        \n    <\/div>    \n\n[\/vc_column][vc_column width=&#8221;1\/3&#8243;]\t\t\n\t<!-- OT Info Apps 2 -->\n    <div class=\" box-icon \">\n\t     \n\t    \t<span class=\"icon \" >\n\t        \t<i class=\"id-color icon-chat\" ><\/i>\n\t        <\/span>\n\t       \n        <div class=\"text\">\n            <h3>Destek<\/h3>\n            <p>M\u00fc\u015fterilerimize,ileti\u015fim numaralar\u0131m\u0131zdan ula\u015farak i\u00e7 mimarlar\u0131m\u0131zdan dan\u0131\u015fmanl\u0131k hizmeti alma imkan\u0131 sunuyoruz. Sorular\u0131n\u0131z\u0131 yan\u0131tlamak ve ihtiya\u00e7lar\u0131n\u0131za uygun \u00e7\u00f6z\u00fcmler geli\u015ftirmek i\u00e7in buraday\u0131z. Siz de proje s\u00fcre\u00e7lerinizde profesyonel destek almak i\u00e7in bize ula\u015fabilirsiniz.<\/p>\n                    <\/div>        \n    <\/div>    \n\n[\/vc_column][\/vc_row][vc_row css=&#8221;.vc_custom_1632768473067{padding-top: 90px !important;padding-bottom: 90px !important;background-image: url(https:\/\/acimutfak.com.tr\/wp-content\/uploads\/2021\/09\/mutfakbg.jpg?id=883) !important;background-position: center !important;background-repeat: no-repeat !important;background-size: cover !important;}&#8221;][vc_column el_class=&#8221;text-center&#8221; offset=&#8221;vc_col-lg-offset-3 vc_col-lg-6&#8243;][vc_column_text css=&#8221;.vc_custom_1730877063076{margin-bottom: 50px !important;}&#8221;]<\/p>\n<h1 class=\"style-1\"><span class=\"id-color\">Sizin \u0130\u00e7in En \u0130yisi<\/span><\/h1>\n<h2 class=\"style-5\">H\u0130ZMET S\u00dcREC\u0130M\u0130Z<\/h2>\n<p>[\/vc_column_text][\/vc_column][vc_column]\n\t<!-- Element: OT Process -->\n    <div class=\"de_tab tab_steps tab_4 cz \">\n        <ul class=\"de_nav process-circle-textimage\">\n\t        \t            <li class=\" \" data-wow-delay=\"0.4s\">\n\t            \t<span class=\"content-mid\">\n\t            \t\t<div class=\"inner\">\t\t\n\t            \t\t\t\t\t\t\t\t\t\t \t\t\t\t\t\t                \t\t\t\t\t                              \n\t\t\t\t\t                                    \n\t\t\t\t\t                \t\t\t\t\t            \t\t\t            \t\t<small>\u00d6n G\u00f6r\u00fc\u015fme Bilgilendirme<\/small>\n\t\t\t\t\t\t\t\t            \t\t<\/div>\n\t            \t<\/span>\t\t        \n\t\t            <div class=\"v-border\"><\/div>\n\t            <\/li>\n\t            \n\t        \t            <li class=\" \" data-wow-delay=\"0.8s\">\n\t            \t<span class=\"content-mid\">\n\t            \t\t<div class=\"inner\">\t\t\n\t            \t\t\t\t\t\t\t\t\t\t \t\t\t\t\t\t                \t\t\t\t\t                              \n\t\t\t\t\t                                    \n\t\t\t\t\t                \t\t\t\t\t            \t\t\t            \t\t<small>PROJELEND\u0130RME<\/small>\n\t\t\t\t\t\t\t\t            \t\t<\/div>\n\t            \t<\/span>\t\t        \n\t\t            <div class=\"v-border\"><\/div>\n\t            <\/li>\n\t            \n\t        \t            <li class=\" \" data-wow-delay=\"1.2s\">\n\t            \t<span class=\"content-mid\">\n\t            \t\t<div class=\"inner\">\t\t\n\t            \t\t\t\t\t\t\t\t\t\t \t\t\t\t\t\t                \t\t\t\t\t                              \n\t\t\t\t\t                                    \n\t\t\t\t\t                \t\t\t\t\t            \t\t\t            \t\t<small>SUNUM<\/small>\n\t\t\t\t\t\t\t\t            \t\t<\/div>\n\t            \t<\/span>\t\t        \n\t\t            <div class=\"v-border\"><\/div>\n\t            <\/li>\n\t            \n\t        \t            <li class=\" \" data-wow-delay=\"1.6s\">\n\t            \t<span class=\"content-mid\">\n\t            \t\t<div class=\"inner\">\t\t\n\t            \t\t\t\t\t\t\t\t\t\t \t\t\t\t\t\t                \t\t\t\t\t                              \n\t\t\t\t\t                                    \n\t\t\t\t\t                \t\t\t\t\t            \t\t\t            \t\t<small>UYGULAMA<\/small>\n\t\t\t\t\t\t\t\t            \t\t<\/div>\n\t            \t<\/span>\t\t        \n\t\t            <div class=\"v-border\"><\/div>\n\t            <\/li>\n\t            \n\t                <\/ul>\n\n        <div class=\"de_tab_content\">\n\t        \t            <div id=\"tab-580\" class=\"de_tab_content_inner\">\n\t                <p>Tasar\u0131m s\u00fcrecini deneyimli profesyonellerden olu\u015fan, dinamik ve yarat\u0131c\u0131 ekibiyle s\u00fcrd\u00fcren ,A\u00e7\u0131 Mutfak projelerinde ergonomi, konfor, kalite, s\u00fcre ve maliyet gibi esaslar\u0131 da g\u00f6z \u00f6n\u00fcnde bulundurarak kullan\u0131c\u0131lar\u0131n ihtiya\u00e7lar\u0131n\u0131 en iyi \u015fekilde kar\u015f\u0131layabilmeyi prensip edinmi\u015ftir. DK i\u00e7 mimarl\u0131k geli\u015fen \u00fcr\u00fcn ve malzeme bilgisi konusunda g\u00fcncel bir k\u00fct\u00fcphaneye sahip olmas\u0131n\u0131n avantaj\u0131n\u0131 proje a\u015famas\u0131nda ger\u00e7ekle \u00f6rt\u00fc\u015fecek \u015fekilde m\u00fc\u015fteriye sunar.<\/p>\n\t            <\/div>\n\t        \t            <div id=\"tab-579\" class=\"de_tab_content_inner\">\n\t                <p>Mimari ve \u0130\u00e7 mimari 2 boyutlu \/ 3 boyutlu konsept proje tasar\u0131m\u0131 Mimari ve \u0130\u00e7 mimari 2 boyutlu \/ 3 boyutlu konsept proje tasar\u0131m\u0131<br \/>\n\u2022 \u0130\u00e7 mimari dekorasyon projeleri \u2022 Uygulama ve imalat projeleri \u2022 Konsept tasar\u0131mlar \u2022 3d g\u00f6rsel sunum ve katalog \u00e7al\u0131\u015fmalar\u0131<br \/>\n\u2022 2d tasar\u0131m ve renkli kat planlar\u0131, sunum \u00e7al\u0131\u015fmalar\u0131 \u2022 Mobilya tasar\u0131m\u0131<\/p>\n\t            <\/div>\n\t        \t            <div id=\"tab-578\" class=\"de_tab_content_inner\">\n\t                <p>Sed ut perspiciatis unde omnis iste natus error sit voluptatem accusantium doloremque laudantium, totam rem aperiam, eaque ipsa quae ab illo inventore veritatis et quasi architecto beatae vitae dicta sunt explicabo. Nemo enim ipsam voluptatem quia voluptas sit aspernatur aut odit aut fugit, sed quia consequuntur magni dolores eos qui ratione voluptatem sequi nesciunt. Neque porro quisquam est, qui dolorem ipsum quia dolor sit amet, consectetur, adipisci velit, sed quia non numquam eius modi tempora incidunt ut labore et dolore magnam aliquam quaerat voluptatem. Ut enim ad minima veniam.<\/p>\n\t            <\/div>\n\t        \t            <div id=\"tab-577\" class=\"de_tab_content_inner\">\n\t                <p>Yeni malzemeleri modern \u00e7a\u011f\u0131n tasar\u0131m trendleriyle uyumlu estetik de\u011ferler olu\u015fturacak \u015fekilde kullanan t\u00fcm mimari projelerinde tasar\u0131mdan uygulamaya dek her ad\u0131mda fark yaratan \u00e7\u00f6z\u00fcmler sunar. \u00dcretken ve yarat\u0131c\u0131l\u0131\u011f\u0131yla her zaman fark\u0131n\u0131 ortaya koyan tasar\u0131mlara imza atan ekibimiz, uzun y\u0131llara dayanan sekt\u00f6rel deneyimini ara\u015ft\u0131rmac\u0131 y\u00f6n\u00fcyle b\u00fct\u00fcnle\u015ftiren ekibimiz b\u00fct\u00e7e planlamalar\u0131ndan, proje a\u015famas\u0131ndan uygulama a\u015famas\u0131na konulan tarih gibi detaylar\u0131 da \u00f6nemseyerek hareket etmektedir. Tasar\u0131m ve planlama a\u015famas\u0131nda g\u00f6rev alan ekibimiz gibi \u015fantiye ekibimiz de titiz \u00e7al\u0131\u015fmakta, kar\u015f\u0131la\u015f\u0131lan problemleri ak\u0131lc\u0131 ve pratik \u015fekilde \u00e7\u00f6zme konusunda deneyimlidir.<\/p>\n\t            <\/div>\n\t                <\/div>\n    <\/div>\n\n[\/vc_column][\/vc_row]<\/p>\n","protected":false},"excerpt":{"rendered":"<p>[vc_row fullwidth=&#8221;yes&#8221;][vc_column][\/vc_column][\/vc_row][vc_row css=&#8221;.vc_custom_1537418083669{padding-top: 90px !important;padding-bottom: 90px !important;}&#8221;][vc_column offset=&#8221;vc_col-lg-offset-3 vc_col-lg-6 vc_col-md-offset-3 vc_col-md-6&#8243; el_class=&#8221;text-center&#8221;][vc_column_text css=&#8221;.vc_custom_1730876937589{margin-bottom: 50px !important;}&#8221;] \u00d6zel Mutfak Tasar\u0131m\u0131 Yepyeni malzeme ve trend anlay\u0131\u015flar\u0131 adeta devrim niteli\u011fi ta\u015f\u0131yor Yeni bir mutfak tercihinde g\u00f6z \u00f6n\u00fcnde bulundurulmas\u0131 gereken pek \u00e7ok dinamik mevcuttur [\/vc_column_text][\/vc_column][vc_column width=&#8221;1\/3&#8243;][vc_single_image image=&#8221;866&#8243; img_size=&#8221;full&#8221; style=&#8221;vc_box_rounded&#8221; onclick=&#8221;link_image&#8221; css=&#8221;.vc_custom_1632764968816{margin-bottom: 30px !important;}&#8221;][vc_column_text]A\u00e7\u0131 Mutfak, bir mimari mek\u00e2n\u0131n i\u00e7inde kullan\u0131c\u0131lara i\u015flevsel [&hellip;]<\/p>\n","protected":false},"author":2,"featured_media":0,"parent":0,"menu_order":0,"comment_status":"closed","ping_status":"closed","template":"page-templates\/template-canvas.php","meta":{"footnotes":""},"class_list":["post-631","page","type-page","status-publish","hentry"],"_links":{"self":[{"href":"https:\/\/acimutfak.com.tr\/index.php\/wp-json\/wp\/v2\/pages\/631","targetHints":{"allow":["GET"]}}],"collection":[{"href":"https:\/\/acimutfak.com.tr\/index.php\/wp-json\/wp\/v2\/pages"}],"about":[{"href":"https:\/\/acimutfak.com.tr\/index.php\/wp-json\/wp\/v2\/types\/page"}],"author":[{"embeddable":true,"href":"https:\/\/acimutfak.com.tr\/index.php\/wp-json\/wp\/v2\/users\/2"}],"replies":[{"embeddable":true,"href":"https:\/\/acimutfak.com.tr\/index.php\/wp-json\/wp\/v2\/comments?post=631"}],"version-history":[{"count":40,"href":"https:\/\/acimutfak.com.tr\/index.php\/wp-json\/wp\/v2\/pages\/631\/revisions"}],"predecessor-version":[{"id":1151,"href":"https:\/\/acimutfak.com.tr\/index.php\/wp-json\/wp\/v2\/pages\/631\/revisions\/1151"}],"wp:attachment":[{"href":"https:\/\/acimutfak.com.tr\/index.php\/wp-json\/wp\/v2\/media?parent=631"}],"curies":[{"name":"wp","href":"https:\/\/api.w.org\/{rel}","templated":true}]}}