{"id":1482,"date":"2024-11-15T21:09:38","date_gmt":"2024-11-15T18:09:38","guid":{"rendered":"https:\/\/acimutfak.com.tr\/?page_id=1482"},"modified":"2024-11-15T21:09:38","modified_gmt":"2024-11-15T18:09:38","slug":"ic-mekan-yapi-elemanlari","status":"publish","type":"page","link":"https:\/\/acimutfak.com.tr\/index.php\/ic-mekan-yapi-elemanlari\/","title":{"rendered":"\u0130\u00e7 Mek\u00e2n Yap\u0131 Elemanlar\u0131"},"content":{"rendered":"<p>[vc_row][vc_column width=&#8221;1\/3&#8243;][vc_wp_custommenu nav_menu=&#8221;60&#8243; el_id=&#8221;services-list&#8221;][\/vc_column][vc_column width=&#8221;1\/3&#8243;][vc_column_text]<\/p>\n<p class=\"p1\"><b>\u0130\u00e7 Mek\u00e2n Yap\u0131 Elemanlar\u0131<\/b><\/p>\n<p class=\"p1\">\u2022 Kap\u0131lar ve Kaplama \u00c7\u00f6z\u00fcmleri<\/p>\n<p class=\"p1\">Mekan\u0131n\u0131za uygun kap\u0131, s\u00fcp\u00fcrgelik ve i\u00e7 duvar lambri kaplama \u00e7\u00f6z\u00fcmleri sunuyoruz. <b>Hayalinizdeki <\/b><b>ya\u015fam alan\u0131<\/b> i\u00e7in her detay\u0131 \u00f6zenle tasarl\u0131yor, \u015f\u0131k ve estetik detaylarla alanlar\u0131n\u0131za karakter ve s\u0131cakl\u0131k kat\u0131yoruz.<\/p>\n<p class=\"p1\">\u2022 Merdiven ve Korkuluk<\/p>\n<p class=\"p1\">\u0130\u00e7 mekan\u0131n\u0131z\u0131n esteti\u011fini ve g\u00fcvenli\u011fini art\u0131ran merdiven basamaklar\u0131 ve korkuluklar tasarl\u0131yoruz. \u00d6zel\u00f6l\u00e7\u00fclere g\u00f6re \u00fcretilen \u00fcr\u00fcnlerimiz, evinize \u015f\u0131kl\u0131k katarken fonksiyonellik sa\u011flar.<\/p>\n<p>[\/vc_column_text][\/vc_column][vc_column width=&#8221;1\/3&#8243;][vc_single_image image=&#8221;935&#8243; img_size=&#8221;500-300&#8243;][\/vc_column][\/vc_row][vc_row][vc_column width=&#8221;1\/3&#8243;][\/vc_column][vc_column width=&#8221;1\/3&#8243;]\t\t\t\n\t<!-- Element: OT Button 2 --> \n\t<a href=\"https:\/\/acimutfak.com.tr\/index.php\/iletisim-bilgileri\/\" title=\"Hemen \u0130leti\u015fime Ge\u00e7\" target=\"_blank\" class=\"btn btn btn-custom\">Hemen \u0130leti\u015fime Ge\u00e7<\/a>\t\n[\/vc_column][vc_column width=&#8221;1\/3&#8243;][\/vc_column][\/vc_row]<\/p>\n","protected":false},"excerpt":{"rendered":"<p>[vc_row][vc_column width=&#8221;1\/3&#8243;][vc_wp_custommenu nav_menu=&#8221;60&#8243; el_id=&#8221;services-list&#8221;][\/vc_column][vc_column width=&#8221;1\/3&#8243;][vc_column_text] \u0130\u00e7 Mek\u00e2n Yap\u0131 Elemanlar\u0131 \u2022 Kap\u0131lar ve Kaplama \u00c7\u00f6z\u00fcmleri Mekan\u0131n\u0131za uygun kap\u0131, s\u00fcp\u00fcrgelik ve i\u00e7 duvar lambri kaplama \u00e7\u00f6z\u00fcmleri sunuyoruz. Hayalinizdeki ya\u015fam alan\u0131 i\u00e7in her detay\u0131 \u00f6zenle tasarl\u0131yor, \u015f\u0131k ve estetik detaylarla alanlar\u0131n\u0131za karakter ve s\u0131cakl\u0131k kat\u0131yoruz. \u2022 Merdiven ve Korkuluk \u0130\u00e7 mekan\u0131n\u0131z\u0131n esteti\u011fini ve g\u00fcvenli\u011fini art\u0131ran merdiven basamaklar\u0131 ve [&hellip;]<\/p>\n","protected":false},"author":2,"featured_media":0,"parent":0,"menu_order":0,"comment_status":"closed","ping_status":"closed","template":"","meta":{"footnotes":""},"class_list":["post-1482","page","type-page","status-publish","hentry"],"_links":{"self":[{"href":"https:\/\/acimutfak.com.tr\/index.php\/wp-json\/wp\/v2\/pages\/1482","targetHints":{"allow":["GET"]}}],"collection":[{"href":"https:\/\/acimutfak.com.tr\/index.php\/wp-json\/wp\/v2\/pages"}],"about":[{"href":"https:\/\/acimutfak.com.tr\/index.php\/wp-json\/wp\/v2\/types\/page"}],"author":[{"embeddable":true,"href":"https:\/\/acimutfak.com.tr\/index.php\/wp-json\/wp\/v2\/users\/2"}],"replies":[{"embeddable":true,"href":"https:\/\/acimutfak.com.tr\/index.php\/wp-json\/wp\/v2\/comments?post=1482"}],"version-history":[{"count":2,"href":"https:\/\/acimutfak.com.tr\/index.php\/wp-json\/wp\/v2\/pages\/1482\/revisions"}],"predecessor-version":[{"id":1485,"href":"https:\/\/acimutfak.com.tr\/index.php\/wp-json\/wp\/v2\/pages\/1482\/revisions\/1485"}],"wp:attachment":[{"href":"https:\/\/acimutfak.com.tr\/index.php\/wp-json\/wp\/v2\/media?parent=1482"}],"curies":[{"name":"wp","href":"https:\/\/api.w.org\/{rel}","templated":true}]}}