{"id":1422,"date":"2024-11-15T17:55:04","date_gmt":"2024-11-15T14:55:04","guid":{"rendered":"https:\/\/acimutfak.com.tr\/?page_id=1422"},"modified":"2024-11-15T22:18:08","modified_gmt":"2024-11-15T19:18:08","slug":"yasam-alanlari-mobilyalari","status":"publish","type":"page","link":"https:\/\/acimutfak.com.tr\/index.php\/yasam-alanlari-mobilyalari\/","title":{"rendered":"Ya\u015fam Alan\u0131 Mobilyalar\u0131"},"content":{"rendered":"<p>[vc_row][vc_column width=&#8221;1\/3&#8243;][vc_wp_custommenu nav_menu=&#8221;60&#8243; el_id=&#8221;services-list&#8221;][\/vc_column][vc_column width=&#8221;1\/3&#8243;][vc_column_text]<\/p>\n<p class=\"p1\"><b>Ya\u015fam Alanlar\u0131 Mobilyalar\u0131<\/b><\/p>\n<p class=\"p1\">\u2022 Gard\u0131rop ve Depolama \u00c7\u00f6z\u00fcmleri<\/p>\n<p class=\"p1\">Evinizin her k\u00f6\u015fesinde d\u00fczen sa\u011flayan \u00f6zel tasar\u0131m gard\u0131rop ve depolama \u00e7\u00f6z\u00fcmleri sunuyoruz. <b>Ak\u0131ll\u0131 <\/b><b>\u00e7\u00f6z\u00fcmler ile evinizde ya\u015fam\u0131n\u0131za daha fazla yer a\u00e7mak i\u00e7in<\/b>, alan\u0131n\u0131z\u0131 en iyi \u015fekilde de\u011ferlendiren,tarz\u0131n\u0131za uygun dolap ve saklama sistemleri \u00fcretiyoruz.<\/p>\n<p class=\"p1\">\u2022 Yatak Odas\u0131 Mobilyalar\u0131<\/p>\n<p class=\"p1\">Yatak odan\u0131za zarafet ve rahatl\u0131k katacak mobilyalar \u00fcretiyoruz. Yatak, komodin, \u015fifonyer gibi par\u00e7alar\u0131 \u00f6zel \u00f6l\u00e7\u00fclerde ve diledi\u011finiz malzeme se\u00e7enekleriyle sunuyoruz.<\/p>\n<p class=\"p1\">\u2022 Salon ve Yemek Alan\u0131 Mobilyalar\u0131<\/p>\n<p class=\"p1\">Ya\u015fam alanlar\u0131n\u0131za karakter kazand\u0131ran konsol, dresuar, TV \u00fcnitesi gibi mobilyalar \u00fcretiyoruz. \u015e\u0131k ve fonksiyonel tasar\u0131mlar\u0131m\u0131zla, evinize s\u0131cak bir dokunu\u015f kat\u0131yoruz.<b> Zarif bir ya\u015fam alan\u0131<\/b> yaratmak i\u00e7in,tarz\u0131n\u0131za uygun mobilyalar ve tasar\u0131mlar sunuyoruz.<\/p>\n<p>[\/vc_column_text][\/vc_column][vc_column width=&#8221;1\/3&#8243;][vc_single_image image=&#8221;937&#8243; img_size=&#8221;500-300&#8243; alignment=&#8221;right&#8221; style=&#8221;vc_box_shadow&#8221;][\/vc_column][\/vc_row][vc_row][vc_column width=&#8221;1\/3&#8243;][\/vc_column][vc_column width=&#8221;1\/3&#8243; animate=&#8221;fadinright&#8221;]\t\t\t\n\t<!-- Element: OT Button 2 --> \n\t<a href=\"https:\/\/acimutfak.com.tr\/index.php\/iletisim-bilgileri\/\" title=\"Hemen \u0130leti\u015fime Ge\u00e7\" target=\"_blank\" class=\"btn btn btn-custom\">Hemen \u0130leti\u015fime Ge\u00e7<\/a>\t\n[\/vc_column][vc_column width=&#8221;1\/3&#8243;][\/vc_column][\/vc_row]<\/p>\n","protected":false},"excerpt":{"rendered":"<p>[vc_row][vc_column width=&#8221;1\/3&#8243;][vc_wp_custommenu nav_menu=&#8221;60&#8243; el_id=&#8221;services-list&#8221;][\/vc_column][vc_column width=&#8221;1\/3&#8243;][vc_column_text] Ya\u015fam Alanlar\u0131 Mobilyalar\u0131 \u2022 Gard\u0131rop ve Depolama \u00c7\u00f6z\u00fcmleri Evinizin her k\u00f6\u015fesinde d\u00fczen sa\u011flayan \u00f6zel tasar\u0131m gard\u0131rop ve depolama \u00e7\u00f6z\u00fcmleri sunuyoruz. Ak\u0131ll\u0131 \u00e7\u00f6z\u00fcmler ile evinizde ya\u015fam\u0131n\u0131za daha fazla yer a\u00e7mak i\u00e7in, alan\u0131n\u0131z\u0131 en iyi \u015fekilde de\u011ferlendiren,tarz\u0131n\u0131za uygun dolap ve saklama sistemleri \u00fcretiyoruz. \u2022 Yatak Odas\u0131 Mobilyalar\u0131 Yatak odan\u0131za zarafet ve rahatl\u0131k [&hellip;]<\/p>\n","protected":false},"author":2,"featured_media":0,"parent":0,"menu_order":0,"comment_status":"closed","ping_status":"closed","template":"","meta":{"footnotes":""},"class_list":["post-1422","page","type-page","status-publish","hentry"],"_links":{"self":[{"href":"https:\/\/acimutfak.com.tr\/index.php\/wp-json\/wp\/v2\/pages\/1422","targetHints":{"allow":["GET"]}}],"collection":[{"href":"https:\/\/acimutfak.com.tr\/index.php\/wp-json\/wp\/v2\/pages"}],"about":[{"href":"https:\/\/acimutfak.com.tr\/index.php\/wp-json\/wp\/v2\/types\/page"}],"author":[{"embeddable":true,"href":"https:\/\/acimutfak.com.tr\/index.php\/wp-json\/wp\/v2\/users\/2"}],"replies":[{"embeddable":true,"href":"https:\/\/acimutfak.com.tr\/index.php\/wp-json\/wp\/v2\/comments?post=1422"}],"version-history":[{"count":8,"href":"https:\/\/acimutfak.com.tr\/index.php\/wp-json\/wp\/v2\/pages\/1422\/revisions"}],"predecessor-version":[{"id":1550,"href":"https:\/\/acimutfak.com.tr\/index.php\/wp-json\/wp\/v2\/pages\/1422\/revisions\/1550"}],"wp:attachment":[{"href":"https:\/\/acimutfak.com.tr\/index.php\/wp-json\/wp\/v2\/media?parent=1422"}],"curies":[{"name":"wp","href":"https:\/\/api.w.org\/{rel}","templated":true}]}}