{"id":1409,"date":"2024-11-15T17:30:28","date_gmt":"2024-11-15T14:30:28","guid":{"rendered":"https:\/\/acimutfak.com.tr\/?page_id=1409"},"modified":"2024-11-15T22:17:18","modified_gmt":"2024-11-15T19:17:18","slug":"banyo-mobilyalari","status":"publish","type":"page","link":"https:\/\/acimutfak.com.tr\/index.php\/banyo-mobilyalari\/","title":{"rendered":"Banyo Mobilyalar\u0131"},"content":{"rendered":"<p>[vc_row][vc_column width=&#8221;1\/3&#8243;][vc_wp_custommenu nav_menu=&#8221;60&#8243; el_id=&#8221;services-list&#8221;][\/vc_column][vc_column width=&#8221;1\/3&#8243;][vc_column_text]<\/p>\n<p class=\"p1\"><b>Banyo Mobilyalar\u0131<\/b><\/p>\n<p>Dayan\u0131kl\u0131 ve \u015f\u0131k banyo dolaplar\u0131 tasarl\u0131yor ve \u00fcretiyoruz. Alan\u0131n\u0131za uyum sa\u011flayacak fonksiyonel ve estetik \u00e7\u00f6z\u00fcmler sunarak, banyonuza ferahl\u0131k kazand\u0131r\u0131yoruz. <b>Birbirinden farkl\u0131 renk ve tasar\u0131m <\/b><b>se\u00e7enekleriyle<\/b> banyo dolaplar\u0131 ve aksesuarlarla ki\u015fisel ihtiya\u00e7lar\u0131n\u0131za uygun alanlar olu\u015fturuyoruz.[\/vc_column_text][\/vc_column][vc_column width=&#8221;1\/3&#8243;][vc_single_image image=&#8221;937&#8243; img_size=&#8221;500-300&#8243;][\/vc_column][\/vc_row][vc_row][vc_column width=&#8221;1\/3&#8243;][\/vc_column][vc_column parallax=&#8221;content-moving-fade&#8221; parallax_speed_bg=&#8221;0,3&#8243; width=&#8221;1\/3&#8243; animate=&#8221;fadinright&#8221;]\t\t\t\n\t<!-- Element: OT Button 2 --> \n\t<a href=\"https:\/\/acimutfak.com.tr\/index.php\/iletisim-bilgileri\/\" title=\"Hemen \u0130leti\u015fime Ge\u00e7\" target=\"_self\" class=\"btn btn btn-custom\">Hemen \u0130leti\u015fime Ge\u00e7<\/a>\t\n[\/vc_column][vc_column width=&#8221;1\/3&#8243;][\/vc_column][\/vc_row]<\/p>\n","protected":false},"excerpt":{"rendered":"<p>[vc_row][vc_column width=&#8221;1\/3&#8243;][vc_wp_custommenu nav_menu=&#8221;60&#8243; el_id=&#8221;services-list&#8221;][\/vc_column][vc_column width=&#8221;1\/3&#8243;][vc_column_text] Banyo Mobilyalar\u0131 Dayan\u0131kl\u0131 ve \u015f\u0131k banyo dolaplar\u0131 tasarl\u0131yor ve \u00fcretiyoruz. Alan\u0131n\u0131za uyum sa\u011flayacak fonksiyonel ve estetik \u00e7\u00f6z\u00fcmler sunarak, banyonuza ferahl\u0131k kazand\u0131r\u0131yoruz. Birbirinden farkl\u0131 renk ve tasar\u0131m se\u00e7enekleriyle banyo dolaplar\u0131 ve aksesuarlarla ki\u015fisel ihtiya\u00e7lar\u0131n\u0131za uygun alanlar olu\u015fturuyoruz.[\/vc_column_text][\/vc_column][vc_column width=&#8221;1\/3&#8243;][vc_single_image image=&#8221;937&#8243; img_size=&#8221;500-300&#8243;][\/vc_column][\/vc_row][vc_row][vc_column width=&#8221;1\/3&#8243;][\/vc_column][vc_column parallax=&#8221;content-moving-fade&#8221; parallax_speed_bg=&#8221;0,3&#8243; width=&#8221;1\/3&#8243; animate=&#8221;fadinright&#8221;][\/vc_column][vc_column width=&#8221;1\/3&#8243;][\/vc_column][\/vc_row]<\/p>\n","protected":false},"author":2,"featured_media":0,"parent":0,"menu_order":0,"comment_status":"closed","ping_status":"closed","template":"","meta":{"footnotes":""},"class_list":["post-1409","page","type-page","status-publish","hentry"],"_links":{"self":[{"href":"https:\/\/acimutfak.com.tr\/index.php\/wp-json\/wp\/v2\/pages\/1409","targetHints":{"allow":["GET"]}}],"collection":[{"href":"https:\/\/acimutfak.com.tr\/index.php\/wp-json\/wp\/v2\/pages"}],"about":[{"href":"https:\/\/acimutfak.com.tr\/index.php\/wp-json\/wp\/v2\/types\/page"}],"author":[{"embeddable":true,"href":"https:\/\/acimutfak.com.tr\/index.php\/wp-json\/wp\/v2\/users\/2"}],"replies":[{"embeddable":true,"href":"https:\/\/acimutfak.com.tr\/index.php\/wp-json\/wp\/v2\/comments?post=1409"}],"version-history":[{"count":17,"href":"https:\/\/acimutfak.com.tr\/index.php\/wp-json\/wp\/v2\/pages\/1409\/revisions"}],"predecessor-version":[{"id":1549,"href":"https:\/\/acimutfak.com.tr\/index.php\/wp-json\/wp\/v2\/pages\/1409\/revisions\/1549"}],"wp:attachment":[{"href":"https:\/\/acimutfak.com.tr\/index.php\/wp-json\/wp\/v2\/media?parent=1409"}],"curies":[{"name":"wp","href":"https:\/\/api.w.org\/{rel}","templated":true}]}}