{"id":1353,"date":"2024-11-14T03:02:54","date_gmt":"2024-11-14T00:02:54","guid":{"rendered":"https:\/\/acimutfak.com.tr\/?page_id=1353"},"modified":"2024-11-15T22:16:40","modified_gmt":"2024-11-15T19:16:40","slug":"mutfak-mobilyalari","status":"publish","type":"page","link":"https:\/\/acimutfak.com.tr\/index.php\/mutfak-mobilyalari\/","title":{"rendered":"Mutfak Mobilyalar\u0131"},"content":{"rendered":"<p>[vc_row][vc_column width=&#8221;1\/3&#8243;][vc_wp_custommenu nav_menu=&#8221;60&#8243; el_id=&#8221;services-list&#8221;][\/vc_column][vc_column width=&#8221;1\/3&#8243;][vc_column_text]<\/p>\n<p class=\"p1\"><b>Mutfak Mobilyalar\u0131<\/b><\/p>\n<p class=\"p1\">\u00d6zel tasar\u0131m mutfak mobilyalar\u0131 ile ya\u015fam alan\u0131n\u0131za estetik ve fonksiyonellik kat\u0131yoruz. Alan\u0131n\u0131za en uygun mutfak dolaplar\u0131, ada tezgahlar ve saklama \u00e7\u00f6z\u00fcmlerini, y\u00fcksek kaliteli malzemelerle ve detaylara \u00f6zen g\u00f6stererek \u00fcretiyoruz.<\/p>\n<p>[\/vc_column_text][\/vc_column][vc_column width=&#8221;1\/3&#8243;][vc_single_image image=&#8221;933&#8243; img_size=&#8221;500-300&#8243;][\/vc_column][\/vc_row][vc_row][vc_column width=&#8221;1\/3&#8243;][\/vc_column][vc_column width=&#8221;1\/3&#8243; animate=&#8221;fadinright&#8221; delay=&#8221;1&#8243; duration=&#8221;1&#8243;]\t\t\t\n\t<!-- Element: OT Button 2 --> \n\t<a href=\"https:\/\/acimutfak.com.tr\/index.php\/iletisim-bilgileri\/\" title=\"Hemen \u0130leti\u015fime Ge\u00e7\" target=\"_blank\" class=\"btn btn btn-custom\">Hemen \u0130leti\u015fime Ge\u00e7<\/a>\t\n[\/vc_column][vc_column width=&#8221;1\/3&#8243;][\/vc_column][\/vc_row]<\/p>\n","protected":false},"excerpt":{"rendered":"<p>[vc_row][vc_column width=&#8221;1\/3&#8243;][vc_wp_custommenu nav_menu=&#8221;60&#8243; el_id=&#8221;services-list&#8221;][\/vc_column][vc_column width=&#8221;1\/3&#8243;][vc_column_text] Mutfak Mobilyalar\u0131 \u00d6zel tasar\u0131m mutfak mobilyalar\u0131 ile ya\u015fam alan\u0131n\u0131za estetik ve fonksiyonellik kat\u0131yoruz. Alan\u0131n\u0131za en uygun mutfak dolaplar\u0131, ada tezgahlar ve saklama \u00e7\u00f6z\u00fcmlerini, y\u00fcksek kaliteli malzemelerle ve detaylara \u00f6zen g\u00f6stererek \u00fcretiyoruz. [\/vc_column_text][\/vc_column][vc_column width=&#8221;1\/3&#8243;][vc_single_image image=&#8221;933&#8243; img_size=&#8221;500-300&#8243;][\/vc_column][\/vc_row][vc_row][vc_column width=&#8221;1\/3&#8243;][\/vc_column][vc_column width=&#8221;1\/3&#8243; animate=&#8221;fadinright&#8221; delay=&#8221;1&#8243; duration=&#8221;1&#8243;][\/vc_column][vc_column width=&#8221;1\/3&#8243;][\/vc_column][\/vc_row]<\/p>\n","protected":false},"author":2,"featured_media":0,"parent":0,"menu_order":0,"comment_status":"closed","ping_status":"closed","template":"","meta":{"footnotes":""},"class_list":["post-1353","page","type-page","status-publish","hentry"],"_links":{"self":[{"href":"https:\/\/acimutfak.com.tr\/index.php\/wp-json\/wp\/v2\/pages\/1353","targetHints":{"allow":["GET"]}}],"collection":[{"href":"https:\/\/acimutfak.com.tr\/index.php\/wp-json\/wp\/v2\/pages"}],"about":[{"href":"https:\/\/acimutfak.com.tr\/index.php\/wp-json\/wp\/v2\/types\/page"}],"author":[{"embeddable":true,"href":"https:\/\/acimutfak.com.tr\/index.php\/wp-json\/wp\/v2\/users\/2"}],"replies":[{"embeddable":true,"href":"https:\/\/acimutfak.com.tr\/index.php\/wp-json\/wp\/v2\/comments?post=1353"}],"version-history":[{"count":15,"href":"https:\/\/acimutfak.com.tr\/index.php\/wp-json\/wp\/v2\/pages\/1353\/revisions"}],"predecessor-version":[{"id":1547,"href":"https:\/\/acimutfak.com.tr\/index.php\/wp-json\/wp\/v2\/pages\/1353\/revisions\/1547"}],"wp:attachment":[{"href":"https:\/\/acimutfak.com.tr\/index.php\/wp-json\/wp\/v2\/media?parent=1353"}],"curies":[{"name":"wp","href":"https:\/\/api.w.org\/{rel}","templated":true}]}}